{"id":1866,"date":"2024-11-12T23:32:07","date_gmt":"2024-11-12T15:32:07","guid":{"rendered":"https:\/\/dt-camera.com\/?page_id=1866"},"modified":"2025-02-20T15:15:31","modified_gmt":"2025-02-20T07:15:31","slug":"terms-of-use","status":"publish","type":"page","link":"https:\/\/dt-camera.com\/fr\/terms-of-use\/","title":{"rendered":"Conditions d'utilisation"},"content":{"rendered":"<div data-elementor-type=\"wp-page\" data-elementor-id=\"1866\" class=\"elementor elementor-1866\" data-elementor-post-type=\"page\">\n\t\t\t\t<div class=\"elementor-element elementor-element-7a3df9fc e-flex e-con-boxed e-con e-parent\" data-id=\"7a3df9fc\" data-element_type=\"container\" data-settings=\"{&quot;background_background&quot;:&quot;classic&quot;,&quot;ekit_has_onepagescroll_dot&quot;:&quot;yes&quot;}\">\n\t\t\t\t\t<div class=\"e-con-inner\">\n\t\t<div class=\"elementor-element elementor-element-4755c71d e-con-full e-flex e-con e-child\" data-id=\"4755c71d\" data-element_type=\"container\" data-settings=\"{&quot;background_background&quot;:&quot;classic&quot;,&quot;ekit_has_onepagescroll_dot&quot;:&quot;yes&quot;}\">\n\t\t\t\t<div class=\"elementor-element elementor-element-3d339389 elementor-widget elementor-widget-heading\" data-id=\"3d339389\" data-element_type=\"widget\" data-settings=\"{&quot;ekit_we_effect_on&quot;:&quot;none&quot;}\" data-widget_type=\"heading.default\">\n\t\t\t\t<div class=\"elementor-widget-container\">\n\t\t\t\t\t<h2 class=\"elementor-heading-title elementor-size-default\">Conditions d'utilisation<\/h2>\t\t\t\t<\/div>\n\t\t\t\t<\/div>\n\t\t\t\t<div class=\"elementor-element elementor-element-2ce2d824 elementor-widget elementor-widget-text-editor\" data-id=\"2ce2d824\" data-element_type=\"widget\" data-settings=\"{&quot;ekit_we_effect_on&quot;:&quot;none&quot;}\" data-widget_type=\"text-editor.default\">\n\t\t\t\t<div class=\"elementor-widget-container\">\n\t\t\t\t\t\t\t\t\t<p><strong>Bienvenue chez DT-Camera !<\/strong><\/p><p>Les pr\u00e9sentes conditions d'utilisation (\"conditions\") r\u00e9gissent votre utilisation du site web situ\u00e9 \u00e0 l'adresse suivante <a href=\"https:\/\/dt-camera.com\/fr\/\">www.dt-camera.com<\/a> (le \"site\") et les services fournis par DT-Camera (\"nous\", \"notre\" ou \"nos\"). En acc\u00e9dant au site ou en l'utilisant, vous acceptez de vous conformer \u00e0 ces conditions. Si vous n'\u00eates pas d'accord, veuillez ne pas utiliser le site.<\/p><h4><strong><b>1. <\/b><\/strong><strong>Acceptation des conditions<\/strong><\/h4><p>En acc\u00e9dant \u00e0 notre site et en l'utilisant, vous acceptez d'\u00eatre li\u00e9 par les pr\u00e9sentes conditions. Si vous utilisez le site au nom d'une entreprise, vous d\u00e9clarez et garantissez que vous \u00eates autoris\u00e9 \u00e0 accepter ces conditions au nom de l'entreprise.<\/p><h4><strong><b>2. <\/b><\/strong><strong>Modifications des conditions<\/strong><\/h4><p><a href=\"https:\/\/dt-camera.com\/fr\/\">DT-Cam\u00e9ra<\/a> se r\u00e9serve le droit de modifier les pr\u00e9sentes conditions \u00e0 tout moment. Toute modification sera affich\u00e9e sur cette page et la date figurant en haut de la page refl\u00e9tera la derni\u00e8re r\u00e9vision. En continuant \u00e0 utiliser le site apr\u00e8s une modification, vous acceptez les nouvelles conditions.<\/p><h4><strong><b>3. <\/b><\/strong><strong>Utilisation du site<\/strong><\/h4><p>Vous acceptez de n'utiliser le site qu'\u00e0 des fins l\u00e9gales et d'une mani\u00e8re qui ne porte pas atteinte aux droits d'autrui, ne restreint pas ou n'emp\u00eache pas l'utilisation du site par d'autres personnes. Toute utilisation non autoris\u00e9e du site peut entra\u00eener la suspension ou la r\u00e9siliation de votre acc\u00e8s.<\/p><h4><strong><b>4. <\/b><\/strong><strong>Responsabilit\u00e9s du compte<\/strong><\/h4><p>Si vous cr\u00e9ez un compte sur notre site, vous \u00eates responsable du maintien de la confidentialit\u00e9 de vos informations de connexion. Vous acceptez de fournir des informations exactes et compl\u00e8tes et de les mettre \u00e0 jour si n\u00e9cessaire. DT-Camera n'est pas responsable de tout acc\u00e8s non autoris\u00e9 ou de toute activit\u00e9 sur votre compte.<\/p><h4><strong><b>5. <\/b><\/strong><strong>Propri\u00e9t\u00e9 intellectuelle<\/strong><\/h4><p>L'ensemble du contenu, des caract\u00e9ristiques et des fonctionnalit\u00e9s du site, y compris les textes, les images, les logos, les graphiques et les logiciels, sont la propri\u00e9t\u00e9 de DT-Camera ou font l'objet d'une licence et sont prot\u00e9g\u00e9s par les lois applicables en mati\u00e8re de propri\u00e9t\u00e9 intellectuelle. L'utilisation non autoris\u00e9e de tout contenu du site est strictement interdite.<\/p><h4><strong><b>6. <\/b><\/strong><strong>Contenu g\u00e9n\u00e9r\u00e9 par l'utilisateur<\/strong><\/h4><p>Si vous soumettez du contenu sur le site, y compris des commentaires, des critiques ou d'autres contenus g\u00e9n\u00e9r\u00e9s par l'utilisateur, vous accordez \u00e0 DT-Camera une licence non exclusive et mondiale pour utiliser, afficher et distribuer ce contenu. Nous nous r\u00e9servons le droit d'examiner et de supprimer tout contenu jug\u00e9 inappropri\u00e9 ou en violation de ces conditions.<\/p><h4><strong><b>7. <\/b><\/strong><strong>Limitation de la responsabilit\u00e9<\/strong><\/h4><p>DT-Camera n'est pas responsable des dommages directs, indirects, accessoires ou cons\u00e9cutifs r\u00e9sultant de l'utilisation du site ou de l'impossibilit\u00e9 d'utiliser le site. Cela inclut toute perte commerciale ou perte de donn\u00e9es associ\u00e9e aux services du site.<\/p><h4><strong><b>8. <\/b><\/strong><strong>Liens avec des tiers<\/strong><\/h4><p>Le site peut contenir des liens vers des sites web de tiers. DT-Camera n'est pas responsable du contenu ou de l'exactitude des informations sur les sites tiers et n'endosse ni n'assume aucune responsabilit\u00e9 \u00e0 leur \u00e9gard.<\/p><h4><strong><b>9. <\/b><\/strong><strong>Cessation d'activit\u00e9<\/strong><\/h4><p>DT-Camera peut r\u00e9silier ou suspendre l'acc\u00e8s au site sans pr\u00e9avis en cas de conduite violant ces conditions ou nuisant aux autres utilisateurs.<\/p><h4><strong><b>10. <\/b><\/strong><strong>Droit applicable<\/strong><\/h4><p>Les pr\u00e9sentes conditions et tout litige d\u00e9coulant de votre utilisation du site sont r\u00e9gis et interpr\u00e9t\u00e9s conform\u00e9ment aux lois de la Chine.<\/p><p>Pour toute question concernant les pr\u00e9sentes conditions, veuillez nous contacter \u00e0 l'adresse suivante <strong><span style=\"text-decoration: underline;\">info@dt-camera.com<\/span><\/strong>.<\/p>\t\t\t\t\t\t\t\t<\/div>\n\t\t\t\t<\/div>\n\t\t\t\t<\/div>\n\t\t\t\t\t<\/div>\n\t\t\t\t<\/div>\n\t\t\t\t<\/div>","protected":false},"excerpt":{"rendered":"<p>Terms of Use Welcome to DT-Camera! These Terms of Use (\u201cTerms\u201d) govern your use of the website located at www.dt-camera.com (the \u201cSite\u201d) and the services provided by DT-Camera (\u201cwe,\u201d \u201cus,\u201d or \u201cour\u201d). By accessing or using the Site, you agree to comply with these Terms. If you do not agree, please do not use the [&hellip;]<\/p>","protected":false},"author":2,"featured_media":0,"parent":0,"menu_order":0,"comment_status":"closed","ping_status":"closed","template":"","meta":{"_seopress_robots_primary_cat":"","_seopress_titles_title":"DT - camera Terms of Use: Understand How to Use Our Services and Products","_seopress_titles_desc":"Discover DT - camera's Terms of Use page. Here, you'll find all the details about the proper usage of our camera products and services. From product warranties to acceptable use guidelines, ensure you're informed and compliant. Read on to make the most of your experience with DT - camera while adhering to our established terms.","_seopress_robots_index":"","footnotes":""},"class_list":["post-1866","page","type-page","status-publish","hentry"],"_links":{"self":[{"href":"https:\/\/dt-camera.com\/fr\/wp-json\/wp\/v2\/pages\/1866","targetHints":{"allow":["GET"]}}],"collection":[{"href":"https:\/\/dt-camera.com\/fr\/wp-json\/wp\/v2\/pages"}],"about":[{"href":"https:\/\/dt-camera.com\/fr\/wp-json\/wp\/v2\/types\/page"}],"author":[{"embeddable":true,"href":"https:\/\/dt-camera.com\/fr\/wp-json\/wp\/v2\/users\/2"}],"replies":[{"embeddable":true,"href":"https:\/\/dt-camera.com\/fr\/wp-json\/wp\/v2\/comments?post=1866"}],"version-history":[{"count":13,"href":"https:\/\/dt-camera.com\/fr\/wp-json\/wp\/v2\/pages\/1866\/revisions"}],"predecessor-version":[{"id":4203,"href":"https:\/\/dt-camera.com\/fr\/wp-json\/wp\/v2\/pages\/1866\/revisions\/4203"}],"wp:attachment":[{"href":"https:\/\/dt-camera.com\/fr\/wp-json\/wp\/v2\/media?parent=1866"}],"curies":[{"name":"wp","href":"https:\/\/api.w.org\/{rel}","templated":true}]}}