{"id":1866,"date":"2024-11-12T23:32:07","date_gmt":"2024-11-12T15:32:07","guid":{"rendered":"https:\/\/dt-camera.com\/?page_id=1866"},"modified":"2025-02-20T15:15:31","modified_gmt":"2025-02-20T07:15:31","slug":"terms-of-use","status":"publish","type":"page","link":"https:\/\/dt-camera.com\/es\/terms-of-use\/","title":{"rendered":"Condiciones de uso"},"content":{"rendered":"<div data-elementor-type=\"wp-page\" data-elementor-id=\"1866\" class=\"elementor elementor-1866\" data-elementor-post-type=\"page\">\n\t\t\t\t<div class=\"elementor-element elementor-element-7a3df9fc e-flex e-con-boxed e-con e-parent\" data-id=\"7a3df9fc\" data-element_type=\"container\" data-settings=\"{&quot;background_background&quot;:&quot;classic&quot;,&quot;ekit_has_onepagescroll_dot&quot;:&quot;yes&quot;}\">\n\t\t\t\t\t<div class=\"e-con-inner\">\n\t\t<div class=\"elementor-element elementor-element-4755c71d e-con-full e-flex e-con e-child\" data-id=\"4755c71d\" data-element_type=\"container\" data-settings=\"{&quot;background_background&quot;:&quot;classic&quot;,&quot;ekit_has_onepagescroll_dot&quot;:&quot;yes&quot;}\">\n\t\t\t\t<div class=\"elementor-element elementor-element-3d339389 elementor-widget elementor-widget-heading\" data-id=\"3d339389\" data-element_type=\"widget\" data-settings=\"{&quot;ekit_we_effect_on&quot;:&quot;none&quot;}\" data-widget_type=\"heading.default\">\n\t\t\t\t<div class=\"elementor-widget-container\">\n\t\t\t\t\t<h2 class=\"elementor-heading-title elementor-size-default\">Condiciones de uso<\/h2>\t\t\t\t<\/div>\n\t\t\t\t<\/div>\n\t\t\t\t<div class=\"elementor-element elementor-element-2ce2d824 elementor-widget elementor-widget-text-editor\" data-id=\"2ce2d824\" data-element_type=\"widget\" data-settings=\"{&quot;ekit_we_effect_on&quot;:&quot;none&quot;}\" data-widget_type=\"text-editor.default\">\n\t\t\t\t<div class=\"elementor-widget-container\">\n\t\t\t\t\t\t\t\t\t<p><strong>\u00a1Bienvenido a DT-Camera!<\/strong><\/p><p>Las presentes Condiciones de Uso (\"Condiciones\") regulan el uso del sitio web ubicado en <a href=\"https:\/\/dt-camera.com\/es\/\">www.dt-camera.com<\/a> (el \"Sitio\") y los servicios prestados por DT-Camera (\"nosotros\", \"nos\" o \"nuestro\"). Al acceder o utilizar el Sitio, usted acepta cumplir con estos T\u00e9rminos. Si no est\u00e1 de acuerdo, no utilice el Sitio.<\/p><h4><strong><b>1. <\/b><\/strong><strong>Aceptaci\u00f3n de las condiciones<\/strong><\/h4><p>Al acceder y utilizar nuestro Sitio, usted acepta y se compromete a cumplir estas Condiciones. Si utiliza el Sitio en nombre de una empresa, declara y garantiza que est\u00e1 autorizado a aceptar estas Condiciones en nombre de la empresa.<\/p><h4><strong><b>2. <\/b><\/strong><strong>Modificaci\u00f3n de las condiciones<\/strong><\/h4><p><a href=\"https:\/\/dt-camera.com\/es\/\">C\u00e1mara DT<\/a> se reserva el derecho a modificar estas Condiciones en cualquier momento. Cualquier cambio ser\u00e1 publicado en esta p\u00e1gina, y la fecha en la parte superior reflejar\u00e1 la \u00faltima revisi\u00f3n. Su uso continuado del Sitio despu\u00e9s de cualquier modificaci\u00f3n indica su aceptaci\u00f3n de los nuevos T\u00e9rminos.<\/p><h4><strong><b>3. <\/b><\/strong><strong>Uso del sitio web<\/strong><\/h4><p>Usted se compromete a utilizar el Sitio \u00fanicamente con fines l\u00edcitos y de forma que no infrinja los derechos de terceros, ni restrinja o inhiba el uso del Sitio por parte de terceros. Cualquier uso no autorizado del Sitio puede dar lugar a la suspensi\u00f3n o cancelaci\u00f3n de su acceso.<\/p><h4><strong><b>4. <\/b><\/strong><strong>Responsabilidades de la cuenta<\/strong><\/h4><p>Si crea una cuenta en nuestro Sitio, usted es responsable de mantener la confidencialidad de su informaci\u00f3n de acceso. Usted se compromete a proporcionar informaci\u00f3n precisa y completa y actualizarla cuando sea necesario. DT-Camera no se hace responsable de ning\u00fan acceso o actividad no autorizados en su cuenta.<\/p><h4><strong><b>5. <\/b><\/strong><strong>Propiedad intelectual<\/strong><\/h4><p>Todo el contenido, caracter\u00edsticas y funcionalidad del sitio, incluyendo texto, im\u00e1genes, logotipos, gr\u00e1ficos y software, son propiedad o est\u00e1n licenciados a DT-Camera y est\u00e1n protegidos por las leyes de propiedad intelectual aplicables. El uso no autorizado de cualquier contenido del Sitio est\u00e1 estrictamente prohibido.<\/p><h4><strong><b>6. <\/b><\/strong><strong>Contenidos generados por los usuarios<\/strong><\/h4><p>Si usted env\u00eda contenido al sitio, incluyendo comentarios, opiniones u otro contenido generado por el usuario, usted otorga a DT-Camera una licencia no exclusiva y mundial para utilizar, mostrar y distribuir este contenido. Nos reservamos el derecho de revisar y eliminar cualquier contenido que consideremos inapropiado o que infrinja estas Condiciones.<\/p><h4><strong><b>7. <\/b><\/strong><strong>Limitaci\u00f3n de responsabilidad<\/strong><\/h4><p>DT-Camera no ser\u00e1 responsable de ning\u00fan da\u00f1o directo, indirecto, incidental o consecuente derivado de su uso del Sitio o de su incapacidad para utilizar el Sitio. Esto incluye cualquier p\u00e9rdida de negocio o p\u00e9rdida de datos asociada a los servicios del Sitio.<\/p><h4><strong><b>8. <\/b><\/strong><strong>Enlaces de terceros<\/strong><\/h4><p>El Sitio puede contener enlaces a sitios web de terceros. DT-Camera no se hace responsable del contenido ni de la exactitud de la informaci\u00f3n contenida en los sitios web de terceros y no los respalda ni asume responsabilidad alguna por ellos.<\/p><h4><strong><b>9. <\/b><\/strong><strong>Terminaci\u00f3n<\/strong><\/h4><p>DT-Camera puede terminar o suspender el acceso al Sitio sin previo aviso por conductas que violen estos T\u00e9rminos o que sean perjudiciales para otros usuarios.<\/p><h4><strong><b>10. <\/b><\/strong><strong>Derecho aplicable<\/strong><\/h4><p>Estas Condiciones y cualquier disputa que surja de su uso del Sitio se regir\u00e1n e interpretar\u00e1n de acuerdo con las leyes de China.<\/p><p>Si tiene preguntas sobre estas Condiciones, p\u00f3ngase en contacto con nosotros en <strong><span style=\"text-decoration: underline;\">info@dt-camera.com<\/span><\/strong>.<\/p>\t\t\t\t\t\t\t\t<\/div>\n\t\t\t\t<\/div>\n\t\t\t\t<\/div>\n\t\t\t\t\t<\/div>\n\t\t\t\t<\/div>\n\t\t\t\t<\/div>","protected":false},"excerpt":{"rendered":"<p>Terms of Use Welcome to DT-Camera! These Terms of Use (\u201cTerms\u201d) govern your use of the website located at www.dt-camera.com (the \u201cSite\u201d) and the services provided by DT-Camera (\u201cwe,\u201d \u201cus,\u201d or \u201cour\u201d). By accessing or using the Site, you agree to comply with these Terms. If you do not agree, please do not use the [&hellip;]<\/p>","protected":false},"author":2,"featured_media":0,"parent":0,"menu_order":0,"comment_status":"closed","ping_status":"closed","template":"","meta":{"_seopress_robots_primary_cat":"","_seopress_titles_title":"DT - camera Terms of Use: Understand How to Use Our Services and Products","_seopress_titles_desc":"Discover DT - camera's Terms of Use page. Here, you'll find all the details about the proper usage of our camera products and services. From product warranties to acceptable use guidelines, ensure you're informed and compliant. Read on to make the most of your experience with DT - camera while adhering to our established terms.","_seopress_robots_index":"","footnotes":""},"class_list":["post-1866","page","type-page","status-publish","hentry"],"_links":{"self":[{"href":"https:\/\/dt-camera.com\/es\/wp-json\/wp\/v2\/pages\/1866","targetHints":{"allow":["GET"]}}],"collection":[{"href":"https:\/\/dt-camera.com\/es\/wp-json\/wp\/v2\/pages"}],"about":[{"href":"https:\/\/dt-camera.com\/es\/wp-json\/wp\/v2\/types\/page"}],"author":[{"embeddable":true,"href":"https:\/\/dt-camera.com\/es\/wp-json\/wp\/v2\/users\/2"}],"replies":[{"embeddable":true,"href":"https:\/\/dt-camera.com\/es\/wp-json\/wp\/v2\/comments?post=1866"}],"version-history":[{"count":13,"href":"https:\/\/dt-camera.com\/es\/wp-json\/wp\/v2\/pages\/1866\/revisions"}],"predecessor-version":[{"id":4203,"href":"https:\/\/dt-camera.com\/es\/wp-json\/wp\/v2\/pages\/1866\/revisions\/4203"}],"wp:attachment":[{"href":"https:\/\/dt-camera.com\/es\/wp-json\/wp\/v2\/media?parent=1866"}],"curies":[{"name":"wp","href":"https:\/\/api.w.org\/{rel}","templated":true}]}}