{"id":241,"date":"2023-06-09T15:00:56","date_gmt":"2023-06-09T07:00:56","guid":{"rendered":"https:\/\/dt-camera.com\/?page_id=241"},"modified":"2025-02-20T15:14:44","modified_gmt":"2025-02-20T07:14:44","slug":"thank-you","status":"publish","type":"page","link":"https:\/\/dt-camera.com\/de\/thank-you\/","title":{"rendered":"Thank You"},"content":{"rendered":"<div data-elementor-type=\"wp-page\" data-elementor-id=\"241\" class=\"elementor elementor-241\" data-elementor-post-type=\"page\">\n\t\t\t\t<div class=\"elementor-element elementor-element-0d0c9f4 e-flex e-con-boxed e-con e-parent\" data-id=\"0d0c9f4\" data-element_type=\"container\" data-settings=\"{&quot;ekit_has_onepagescroll_dot&quot;:&quot;yes&quot;}\">\n\t\t\t\t\t<div class=\"e-con-inner\">\n\t\t<div class=\"elementor-element elementor-element-8699c28 e-con-full e-flex e-con e-child\" data-id=\"8699c28\" data-element_type=\"container\" data-settings=\"{&quot;ekit_has_onepagescroll_dot&quot;:&quot;yes&quot;}\">\n\t\t\t\t<div class=\"elementor-element elementor-element-0818fa8 elementor-widget elementor-widget-heading\" data-id=\"0818fa8\" data-element_type=\"widget\" data-settings=\"{&quot;ekit_we_effect_on&quot;:&quot;none&quot;}\" data-widget_type=\"heading.default\">\n\t\t\t\t<div class=\"elementor-widget-container\">\n\t\t\t\t\t<h2 class=\"elementor-heading-title elementor-size-default\">Ich danke Ihnen!<\/h2>\t\t\t\t<\/div>\n\t\t\t\t<\/div>\n\t\t\t\t<div class=\"elementor-element elementor-element-9cf2522 elementor-widget elementor-widget-text-editor\" data-id=\"9cf2522\" data-element_type=\"widget\" data-settings=\"{&quot;ekit_we_effect_on&quot;:&quot;none&quot;}\" data-widget_type=\"text-editor.default\">\n\t\t\t\t<div class=\"elementor-widget-container\">\n\t\t\t\t\t\t\t\t\t<p>Wenn Sie diese Seite erreicht haben, dann herzlichen Gl\u00fcckwunsch, Ihr Formular wurde erfolgreich eingereicht und wir werden Sie in der Regel innerhalb eines Werktages kontaktieren. Wenn Ihr Projekt dringender ist, k\u00f6nnen Sie mich auf Whatsapp oder Wechat hinzuf\u00fcgen, damit ich mich so schnell wie m\u00f6glich bei Ihnen melden kann!<\/p>\t\t\t\t\t\t\t\t<\/div>\n\t\t\t\t<\/div>\n\t\t<div class=\"elementor-element elementor-element-bc3ce45 e-con-full e-flex e-con e-child\" data-id=\"bc3ce45\" data-element_type=\"container\" data-settings=\"{&quot;ekit_has_onepagescroll_dot&quot;:&quot;yes&quot;}\">\n\t\t<div class=\"elementor-element elementor-element-3a7b9e3 e-con-full e-flex e-con e-child\" data-id=\"3a7b9e3\" data-element_type=\"container\" data-settings=\"{&quot;ekit_has_onepagescroll_dot&quot;:&quot;yes&quot;}\">\n\t\t\t\t<div class=\"elementor-element elementor-element-a89b665 elementor-widget elementor-widget-image\" data-id=\"a89b665\" data-element_type=\"widget\" data-settings=\"{&quot;ekit_we_effect_on&quot;:&quot;none&quot;}\" data-widget_type=\"image.default\">\n\t\t\t\t<div class=\"elementor-widget-container\">\n\t\t\t\t\t\t\t\t\t\t\t\t\t\t\t<img alt=\"\" fetchpriority=\"high\" decoding=\"async\" width=\"462\" height=\"462\" src=\"https:\/\/dt-camera.com\/wp-content\/uploads\/2025\/01\/whatapp.png\" class=\"attachment-large size-large wp-image-4079\" \/>\t\t\t\t\t\t\t\t\t\t\t\t\t\t\t<\/div>\n\t\t\t\t<\/div>\n\t\t\t\t<div class=\"elementor-element elementor-element-b5fcf64 elementor-widget elementor-widget-text-editor\" data-id=\"b5fcf64\" data-element_type=\"widget\" data-settings=\"{&quot;ekit_we_effect_on&quot;:&quot;none&quot;}\" data-widget_type=\"text-editor.default\">\n\t\t\t\t<div class=\"elementor-widget-container\">\n\t\t\t\t\t\t\t\t\t<p>Whatsapp<\/p>\t\t\t\t\t\t\t\t<\/div>\n\t\t\t\t<\/div>\n\t\t\t\t<\/div>\n\t\t<div class=\"elementor-element elementor-element-ad613b6 e-con-full e-flex e-con e-child\" data-id=\"ad613b6\" data-element_type=\"container\" data-settings=\"{&quot;ekit_has_onepagescroll_dot&quot;:&quot;yes&quot;}\">\n\t\t\t\t<div class=\"elementor-element elementor-element-322ad65 elementor-widget elementor-widget-image\" data-id=\"322ad65\" data-element_type=\"widget\" data-settings=\"{&quot;ekit_we_effect_on&quot;:&quot;none&quot;}\" data-widget_type=\"image.default\">\n\t\t\t\t<div class=\"elementor-widget-container\">\n\t\t\t\t\t\t\t\t\t\t\t\t\t\t\t<img alt=\"\" decoding=\"async\" width=\"462\" height=\"462\" src=\"https:\/\/dt-camera.com\/wp-content\/uploads\/2025\/01\/wechat.png\" class=\"attachment-large size-large wp-image-4083\" \/>\t\t\t\t\t\t\t\t\t\t\t\t\t\t\t<\/div>\n\t\t\t\t<\/div>\n\t\t\t\t<div class=\"elementor-element elementor-element-4afdeda elementor-widget elementor-widget-text-editor\" data-id=\"4afdeda\" data-element_type=\"widget\" data-settings=\"{&quot;ekit_we_effect_on&quot;:&quot;none&quot;}\" data-widget_type=\"text-editor.default\">\n\t\t\t\t<div class=\"elementor-widget-container\">\n\t\t\t\t\t\t\t\t\t<p>Wechat\u00a0<\/p>\t\t\t\t\t\t\t\t<\/div>\n\t\t\t\t<\/div>\n\t\t\t\t<\/div>\n\t\t\t\t<\/div>\n\t\t\t\t<\/div>\n\t\t\t\t\t<\/div>\n\t\t\t\t<\/div>\n\t\t\t\t<\/div>","protected":false},"excerpt":{"rendered":"<p>Thank You! If you have reached this page, then congratulations, your form has been successfully submitted and we will usually contact you within one business day. If your project is more urgent, you can add me on Whatsapp or Wechat so I can get back to you as soon as possible! Whatsapp Wechat\u00a0<\/p>","protected":false},"author":1,"featured_media":0,"parent":0,"menu_order":0,"comment_status":"closed","ping_status":"closed","template":"elementor_canvas","meta":{"_seopress_robots_primary_cat":"","_seopress_titles_title":"Thank You - DT - camera: Appreciating Your Engagement","_seopress_titles_desc":"At DT - camera, we sincerely thank you for your visit, purchase, or inquiry. Your interest in our camera products means the world to us. We're committed to continuing to offer top - notch camera solutions and excellent service. Stay tuned for more exciting updates from DT - camera.","_seopress_robots_index":"","footnotes":""},"class_list":["post-241","page","type-page","status-publish","hentry"],"_links":{"self":[{"href":"https:\/\/dt-camera.com\/de\/wp-json\/wp\/v2\/pages\/241","targetHints":{"allow":["GET"]}}],"collection":[{"href":"https:\/\/dt-camera.com\/de\/wp-json\/wp\/v2\/pages"}],"about":[{"href":"https:\/\/dt-camera.com\/de\/wp-json\/wp\/v2\/types\/page"}],"author":[{"embeddable":true,"href":"https:\/\/dt-camera.com\/de\/wp-json\/wp\/v2\/users\/1"}],"replies":[{"embeddable":true,"href":"https:\/\/dt-camera.com\/de\/wp-json\/wp\/v2\/comments?post=241"}],"version-history":[{"count":5,"href":"https:\/\/dt-camera.com\/de\/wp-json\/wp\/v2\/pages\/241\/revisions"}],"predecessor-version":[{"id":4091,"href":"https:\/\/dt-camera.com\/de\/wp-json\/wp\/v2\/pages\/241\/revisions\/4091"}],"wp:attachment":[{"href":"https:\/\/dt-camera.com\/de\/wp-json\/wp\/v2\/media?parent=241"}],"curies":[{"name":"wp","href":"https:\/\/api.w.org\/{rel}","templated":true}]}}