{"id":1848,"date":"2024-11-12T23:27:35","date_gmt":"2024-11-12T15:27:35","guid":{"rendered":"https:\/\/dt-camera.com\/?page_id=1848"},"modified":"2025-02-20T15:16:55","modified_gmt":"2025-02-20T07:16:55","slug":"privacy-policy","status":"publish","type":"page","link":"https:\/\/dt-camera.com\/de\/privacy-policy\/","title":{"rendered":"Datenschutzbestimmungen"},"content":{"rendered":"<div data-elementor-type=\"wp-page\" data-elementor-id=\"1848\" class=\"elementor elementor-1848\" data-elementor-post-type=\"page\">\n\t\t\t\t<div class=\"elementor-element elementor-element-784fa18 e-flex e-con-boxed e-con e-parent\" data-id=\"784fa18\" data-element_type=\"container\" data-settings=\"{&quot;background_background&quot;:&quot;classic&quot;,&quot;ekit_has_onepagescroll_dot&quot;:&quot;yes&quot;}\">\n\t\t\t\t\t<div class=\"e-con-inner\">\n\t\t<div class=\"elementor-element elementor-element-b3cf68d e-con-full e-flex e-con e-child\" data-id=\"b3cf68d\" data-element_type=\"container\" data-settings=\"{&quot;background_background&quot;:&quot;classic&quot;,&quot;ekit_has_onepagescroll_dot&quot;:&quot;yes&quot;}\">\n\t\t\t\t<div class=\"elementor-element elementor-element-69c86bd elementor-widget elementor-widget-heading\" data-id=\"69c86bd\" data-element_type=\"widget\" data-settings=\"{&quot;ekit_we_effect_on&quot;:&quot;none&quot;}\" data-widget_type=\"heading.default\">\n\t\t\t\t<div class=\"elementor-widget-container\">\n\t\t\t\t\t<h2 class=\"elementor-heading-title elementor-size-default\">Datenschutzbestimmungen<\/h2>\t\t\t\t<\/div>\n\t\t\t\t<\/div>\n\t\t\t\t<div class=\"elementor-element elementor-element-b2f3cbe elementor-widget elementor-widget-text-editor\" data-id=\"b2f3cbe\" data-element_type=\"widget\" data-settings=\"{&quot;ekit_we_effect_on&quot;:&quot;none&quot;}\" data-widget_type=\"text-editor.default\">\n\t\t\t\t<div class=\"elementor-widget-container\">\n\t\t\t\t\t\t\t\t\t<p><strong>Datenschutzrichtlinie f\u00fcr [Markenname]<\/strong><\/p><p>Bei DT-Camera, erreichbar \u00fcber <a href=\"https:\/\/dt-camera.com\/de\/\"><span style=\"text-decoration: underline;\">www.dt-camera.com<\/span><\/a>ist der Schutz Ihrer Privatsph\u00e4re eine Priorit\u00e4t. In dieser Datenschutzrichtlinie wird erl\u00e4utert, wie wir die von den Besuchern unserer Website gesammelten Informationen erfassen, verwenden und weitergeben.<\/p><h4><strong><b>1. <\/b><\/strong><strong>Einf\u00fchrung<\/strong><\/h4><p>Diese Datenschutzrichtlinie gilt f\u00fcr die Sammlung, Verwendung und Weitergabe von pers\u00f6nlichen Informationen, die von DT-Camera gesammelt werden. Durch die Nutzung unserer Website erkl\u00e4ren Sie sich mit der Sammlung und Nutzung von Informationen in \u00dcbereinstimmung mit dieser Richtlinie einverstanden.<\/p><h4><strong><b>2. <\/b><\/strong><strong>Gesammelte Informationen<\/strong><\/h4><ul><li><strong>Pers\u00f6nliche Informationen<\/strong>: Wir erfassen personenbezogene Daten, die Sie uns freiwillig zur Verf\u00fcgung stellen, wie z. B. Name, E-Mail-Adresse und Kontaktdaten, wenn Sie sich registrieren, Updates abonnieren oder uns kontaktieren.<\/li><li><strong>Automatisch gesammelte Informationen<\/strong>: Wir k\u00f6nnen technische Informationen, einschlie\u00dflich IP-Adresse, Browsertyp, Betriebssystem und Nutzungsdaten sammeln, um die Leistung der Website zu verbessern.<\/li><\/ul><h4><strong><b>3. <\/b><\/strong><strong>Wie wir Ihre Informationen verwenden<\/strong><\/h4><p>DT-Camera verwendet die gesammelten Informationen, um:<\/p><ul><li>Erweiterung und Verbesserung der Funktionen und Dienste der Website<\/li><li>Beantwortung von Kundenanfragen und Bereitstellung von Unterst\u00fctzung<\/li><li>Versenden von Marketing- und Werbenachrichten (Sie k\u00f6nnen sich jederzeit abmelden)<\/li><li>Einhaltung der rechtlichen Verpflichtungen<\/li><\/ul><h4><strong><b>4. <\/b><\/strong><strong>Informationsaustausch und Offenlegung<\/strong><\/h4><p>Wir geben Ihre pers\u00f6nlichen Daten nicht an Dritte weiter, verkaufen oder vermieten sie nicht, au\u00dfer:<\/p><ul><li>mit Dienstleistern, die uns beim Website-Hosting, der Datenanalyse und der Kundenbetreuung unterst\u00fctzen<\/li><li>Wenn dies aufgrund von Gesetzen, Vorschriften oder rechtlichen Verfahren erforderlich ist<\/li><\/ul><h4><strong><b>5. <\/b><\/strong><strong>Datensicherheit<\/strong><\/h4><p>Wir treffen Vorkehrungen zum Schutz Ihrer Daten, indem wir Verschl\u00fcsselungs- und Sicherheitsprotokolle nach Industriestandard verwenden. Bitte beachten Sie jedoch, dass keine Methode der Internet\u00fcbertragung oder -speicherung v\u00f6llig sicher ist.<\/p><h4><strong><b>6. <\/b><\/strong><strong>Cookies und Tracking-Technologien<\/strong><\/h4><p>[Markenname] verwendet Cookies und \u00e4hnliche Tracking-Technologien, um Ihr Browsing-Erlebnis zu verbessern, den Website-Verkehr zu analysieren und personalisierte Inhalte zu liefern. Sie k\u00f6nnen Cookies in den Einstellungen Ihres Browsers deaktivieren, allerdings k\u00f6nnen dadurch einige Funktionen der Website beeintr\u00e4chtigt werden.<\/p><h4><strong><b>7. <\/b><\/strong><strong>Benutzerrechte<\/strong><\/h4><p>Je nach Gerichtsbarkeit haben Sie m\u00f6glicherweise Rechte an Ihren pers\u00f6nlichen Daten, darunter auch das Recht auf Auskunft:<\/p><ul><li>Zugriff, Aktualisierung oder L\u00f6schung Ihrer personenbezogenen Daten<\/li><li>Einspruch gegen die Datenverarbeitung oder Antrag auf Datenbeschr\u00e4nkung<\/li><\/ul><p>Um diese Rechte auszu\u00fcben, kontaktieren Sie uns bitte unter <span style=\"text-decoration: underline;\">info@dt-camera.com<\/span>.<\/p><h4><strong><b>8. <\/b><\/strong><strong>\u00c4nderungen der Datenschutzrichtlinie<\/strong><\/h4><p><a href=\"https:\/\/dt-camera.com\/de\/\">DT-Kamera<\/a> beh\u00e4lt sich das Recht vor, diese Datenschutzrichtlinie zu aktualisieren. \u00c4nderungen werden auf dieser Seite ver\u00f6ffentlicht, und wir empfehlen Ihnen, diese Richtlinie regelm\u00e4\u00dfig zu \u00fcberpr\u00fcfen.<\/p><h4><strong><b>9. <\/b><\/strong><strong>Kontakt<\/strong><\/h4><p>Wenn Sie Fragen oder Bedenken bez\u00fcglich dieser Datenschutzrichtlinie haben, kontaktieren Sie uns bitte unter <span style=\"text-decoration: underline;\">info@dt-camera.com<\/span>.<\/p>\t\t\t\t\t\t\t\t<\/div>\n\t\t\t\t<\/div>\n\t\t\t\t<\/div>\n\t\t\t\t\t<\/div>\n\t\t\t\t<\/div>\n\t\t\t\t<\/div>","protected":false},"excerpt":{"rendered":"<p>Privacy Policy Privacy Policy for [Brand Name] At DT-Camera, accessible from www.dt-camera.com, protecting your privacy is a priority. This Privacy Policy explains how we collect, use, and share information collected from visitors to our Site. 1. Introduction This Privacy Policy applies to the collection, use, and sharing of personal information collected by DT-Camera. By using [&hellip;]<\/p>","protected":false},"author":2,"featured_media":0,"parent":0,"menu_order":0,"comment_status":"closed","ping_status":"closed","template":"","meta":{"_seopress_robots_primary_cat":"","_seopress_titles_title":"DT - camera Privacy Policy: Your Data, Our Priority","_seopress_titles_desc":"Explore DT - camera's Privacy Policy to understand how we safeguard your personal information. We're committed to transparency and security when handling data related to our camera products and services. Learn about data collection, storage, and sharing practices. Rest assured that at DT - camera, protecting your privacy is our top concern.","_seopress_robots_index":"","footnotes":""},"class_list":["post-1848","page","type-page","status-publish","hentry"],"_links":{"self":[{"href":"https:\/\/dt-camera.com\/de\/wp-json\/wp\/v2\/pages\/1848","targetHints":{"allow":["GET"]}}],"collection":[{"href":"https:\/\/dt-camera.com\/de\/wp-json\/wp\/v2\/pages"}],"about":[{"href":"https:\/\/dt-camera.com\/de\/wp-json\/wp\/v2\/types\/page"}],"author":[{"embeddable":true,"href":"https:\/\/dt-camera.com\/de\/wp-json\/wp\/v2\/users\/2"}],"replies":[{"embeddable":true,"href":"https:\/\/dt-camera.com\/de\/wp-json\/wp\/v2\/comments?post=1848"}],"version-history":[{"count":18,"href":"https:\/\/dt-camera.com\/de\/wp-json\/wp\/v2\/pages\/1848\/revisions"}],"predecessor-version":[{"id":4200,"href":"https:\/\/dt-camera.com\/de\/wp-json\/wp\/v2\/pages\/1848\/revisions\/4200"}],"wp:attachment":[{"href":"https:\/\/dt-camera.com\/de\/wp-json\/wp\/v2\/media?parent=1848"}],"curies":[{"name":"wp","href":"https:\/\/api.w.org\/{rel}","templated":true}]}}